{"id":92,"date":"2024-06-04T16:21:39","date_gmt":"2024-06-04T16:21:39","guid":{"rendered":"http:\/\/pro-invests.com\/\/?page_id=92"},"modified":"2025-02-17T20:41:59","modified_gmt":"2025-02-17T19:41:59","slug":"service","status":"publish","type":"page","link":"https:\/\/pro-invests.com\/en\/service\/","title":{"rendered":"Service"},"content":{"rendered":"<p>[et_pb_section fb_built=&#8220;1&#8243; admin_label=&#8220;Header&#8220; _builder_version=&#8220;4.20.0&#8243; _module_preset=&#8220;default&#8220; use_background_color_gradient=&#8220;on&#8220; background_color_gradient_stops=&#8220;rgba(31,35,44,0.7) 0%|gcid-9fa4a1b6-767d-41ca-984c-a6f10449c843 100%&#8220; background_color_gradient_overlays_image=&#8220;on&#8220; background_image=&#8220;http:\/\/pro-invests.com\/\/wp-content\/uploads\/2023\/10\/attorney-21.jpg&#8220; custom_margin=&#8220;||-130px|||&#8220; locked=&#8220;off&#8220; collapsed=&#8220;on&#8220; global_colors_info=&#8220;{%22gcid-9fa4a1b6-767d-41ca-984c-a6f10449c843%22:%91%22background_color_gradient_stops%22%93}&#8220;][et_pb_row _builder_version=&#8220;4.20.0&#8243; _module_preset=&#8220;default&#8220; global_colors_info=&#8220;{}&#8220;][et_pb_column type=&#8220;4_4&#8243; _builder_version=&#8220;4.20.0&#8243; _module_preset=&#8220;default&#8220; global_colors_info=&#8220;{}&#8220;][et_pb_text _builder_version=&#8220;4.22.2&#8243; _module_preset=&#8220;dfb840d2-d886-423a-aa27-bd1e9db0f019&#8243; header_4_text_color=&#8220;gcid-2f3f3e09-0a26-4ea7-8906-5e1128945e3f&#8220; text_orientation=&#8220;center&#8220; custom_margin=&#8220;||10px||false|false&#8220; filter_brightness=&#8220;108%&#8220; filter_opacity=&#8220;74%&#8220; global_colors_info=&#8220;{%22gcid-2f3f3e09-0a26-4ea7-8906-5e1128945e3f%22:%91%22header_4_text_color%22%93}&#8220;]<\/p>\n<h4><img loading=\"lazy\" decoding=\"async\" src=\"http:\/\/pro-invests.com\/\/wp-content\/uploads\/2023\/10\/default-1-300x300.png\" alt=\"\" class=\"wp-image-299 alignnone size-medium\" width=\"300\" height=\"300\" \/><\/h4>\n<p>&nbsp;<\/p>\n<p>&nbsp;<\/p>\n<p>[\/et_pb_text][et_pb_text _builder_version=&#8220;4.22.2&#8243; _module_preset=&#8220;dfb840d2-d886-423a-aa27-bd1e9db0f019&#8243; header_4_text_color=&#8220;gcid-2f3f3e09-0a26-4ea7-8906-5e1128945e3f&#8220; text_orientation=&#8220;center&#8220; custom_margin=&#8220;||10px||false|false&#8220; filter_brightness=&#8220;108%&#8220; filter_opacity=&#8220;74%&#8220; global_colors_info=&#8220;{%22gcid-2f3f3e09-0a26-4ea7-8906-5e1128945e3f%22:%91%22header_4_text_color%22%93}&#8220;]<\/p>\n<h4><\/h4>\n<p>[\/et_pb_text][et_pb_image src=&#8220;http:\/\/pro-invests.com\/\/wp-content\/uploads\/2023\/10\/attorney-1.png&#8220; title_text=&#8220;attorney-1&#8243; _builder_version=&#8220;4.20.0&#8243; _module_preset=&#8220;default&#8220; max_width=&#8220;130px&#8220; module_alignment=&#8220;center&#8220; global_colors_info=&#8220;{}&#8220;][\/et_pb_image][et_pb_text _builder_version=&#8220;4.25.1&#8243; _module_preset=&#8220;8ff9d911-7389-426d-a4b0-05fbf27bd9f0&#8243; header_text_color=&#8220;gcid-11d3dbbb-f6dc-4fb8-929b-9d6994368d00&#8243; text_orientation=&#8220;center&#8220; custom_margin=&#8220;||-54px|||&#8220; inline_fonts=&#8220;Zilla Slab Highlight,ABeeZee,Aboreto,Baskervville&#8220; global_colors_info=&#8220;{%22gcid-11d3dbbb-f6dc-4fb8-929b-9d6994368d00%22:%91%22header_text_color%22%93}&#8220;]<\/p>\n<h1><span style=\"font-family: inherit; font-weight: normal;\">PERS<span style=\"font-family: Baskervville;\">\u00d6<\/span>NLICHE BETREUNG<\/span><span style=\"font-family: inherit; font-weight: normal;\"><\/span><span style=\"font-family: inherit; font-weight: normal;\"><\/span><\/h1>\n<p><span style=\"font-family: inherit; font-weight: normal;\"><\/span><\/p>\n<p><span style=\"font-family: inherit; font-weight: normal;\"><\/span><\/p>\n<p>[\/et_pb_text][\/et_pb_column][\/et_pb_row][\/et_pb_section][et_pb_section fb_built=&#8220;1&#8243; admin_label=&#8220;Service Info&#8220; _builder_version=&#8220;4.20.0&#8243; _module_preset=&#8220;default&#8220; background_color=&#8220;gcid-9fa4a1b6-767d-41ca-984c-a6f10449c843&#8243; custom_padding=&#8220;34px|||||&#8220; collapsed=&#8220;on&#8220; global_colors_info=&#8220;{%22gcid-9fa4a1b6-767d-41ca-984c-a6f10449c843%22:%91%22background_color%22%93}&#8220;][et_pb_row custom_padding_last_edited=&#8220;on|desktop&#8220; _builder_version=&#8220;4.20.0&#8243; _module_preset=&#8220;default&#8220; custom_padding=&#8220;30px|60px|30px|60px|true|true&#8220; custom_padding_tablet=&#8220;|40px||40px|false|true&#8220; custom_padding_phone=&#8220;20px|20px|20px|20px|true|true&#8220; border_color_all=&#8220;gcid-11d3dbbb-f6dc-4fb8-929b-9d6994368d00&#8243; border_width_left=&#8220;5px&#8220; global_colors_info=&#8220;{%22gcid-11d3dbbb-f6dc-4fb8-929b-9d6994368d00%22:%91%22border_color_all%22%93}&#8220;][et_pb_column type=&#8220;4_4&#8243; _builder_version=&#8220;4.20.0&#8243; _module_preset=&#8220;default&#8220; global_colors_info=&#8220;{}&#8220;][et_pb_text _builder_version=&#8220;4.22.2&#8243; _module_preset=&#8220;aeae13c4-12ba-45df-87ac-2c33a8270655&#8243; header_3_text_color=&#8220;gcid-11d3dbbb-f6dc-4fb8-929b-9d6994368d00&#8243; global_colors_info=&#8220;{%22gcid-11d3dbbb-f6dc-4fb8-929b-9d6994368d00%22:%91%22header_3_text_color%22%93}&#8220;][\/et_pb_text][et_pb_text _builder_version=&#8220;4.22.2&#8243; _module_preset=&#8220;13981d56-1e28-4501-bc8f-7ac66802fa92&#8243; text_text_color=&#8220;#FFFFFF&#8220; global_colors_info=&#8220;{}&#8220;]<\/p>\n<p>Ein initiierendes Gespr\u00e4ch erweist sich als vorteilhaft, da es die M\u00f6glichkeit bietet, zu pr\u00fcfen, ob beide Parteien einander verstehen, eine gemeinsame Kommunikationsbasis finden und gen\u00fcgend Ber\u00fchrungspunkte identifizieren k\u00f6nnen, um die Basis f\u00fcr eine k\u00fcnftige Zusammenarbeit zu schaffen.<\/p>\n<p>W\u00e4hrend des Gespr\u00e4chs k\u00f6nnen wir Ans\u00e4tze zur L\u00f6sung Ihres Problems herausarbeiten. Wir empfehlen ein erstes kostenfreies Telefonat, bei dem wir moderne Kommunikationsmittel nutzen k\u00f6nnen, um miteinander in Kontakt zu treten.<\/p>\n<p>Sie k\u00f6nnen sich stets auf unsere einzigartige Transaktionssicherheit und -geschwindigkeit verlassen, die wir durch ein erfahrenes und unternehmerisches Team sowie schlanke digitale Prozesse gew\u00e4hrleisten k\u00f6nnen.<\/p>\n<p>[\/et_pb_text][\/et_pb_column][\/et_pb_row][et_pb_row _builder_version=&#8220;4.20.0&#8243; _module_preset=&#8220;default&#8220; global_colors_info=&#8220;{}&#8220;][et_pb_column type=&#8220;4_4&#8243; _builder_version=&#8220;4.20.0&#8243; _module_preset=&#8220;default&#8220; global_colors_info=&#8220;{}&#8220;][et_pb_image src=&#8220;http:\/\/pro-invests.com\/\/wp-content\/uploads\/2023\/10\/attorney-22.jpg&#8220; title_text=&#8220;attorney-22&#8243; _builder_version=&#8220;4.22.2&#8243; _module_preset=&#8220;default&#8220; global_colors_info=&#8220;{}&#8220;][\/et_pb_image][\/et_pb_column][\/et_pb_row][et_pb_row column_structure=&#8220;1_4,3_4&#8243; _builder_version=&#8220;4.20.0&#8243; _module_preset=&#8220;default&#8220; global_colors_info=&#8220;{}&#8220;][et_pb_column type=&#8220;1_4&#8243; _builder_version=&#8220;4.20.0&#8243; _module_preset=&#8220;default&#8220; global_colors_info=&#8220;{}&#8220;][\/et_pb_column][et_pb_column type=&#8220;3_4&#8243; _builder_version=&#8220;4.20.0&#8243; _module_preset=&#8220;default&#8220; global_colors_info=&#8220;{}&#8220;][et_pb_text _builder_version=&#8220;4.22.2&#8243; _module_preset=&#8220;13981d56-1e28-4501-bc8f-7ac66802fa92&#8243; text_text_color=&#8220;#FFFFFF&#8220; custom_padding=&#8220;|||17px||&#8220; global_colors_info=&#8220;{}&#8220;][\/et_pb_text][\/et_pb_column][\/et_pb_row][et_pb_row column_structure=&#8220;1_4,3_4&#8243; _builder_version=&#8220;4.20.0&#8243; _module_preset=&#8220;default&#8220; global_colors_info=&#8220;{}&#8220;][et_pb_column type=&#8220;1_4&#8243; _builder_version=&#8220;4.20.0&#8243; _module_preset=&#8220;default&#8220; global_colors_info=&#8220;{}&#8220;][et_pb_text _builder_version=&#8220;4.22.2&#8243; _module_preset=&#8220;7602e158-71b4-4542-88de-bff48dc68b28&#8243; locked=&#8220;off&#8220; global_colors_info=&#8220;{%22gcid-11d3dbbb-f6dc-4fb8-929b-9d6994368d00%22:%91%22header_4_text_color%22%93}&#8220;]<\/p>\n<h4>Portfolio<\/h4>\n<p>[\/et_pb_text][\/et_pb_column][et_pb_column type=&#8220;3_4&#8243; _builder_version=&#8220;4.20.0&#8243; _module_preset=&#8220;default&#8220; global_colors_info=&#8220;{}&#8220;][et_pb_blurb title=&#8220;Strategische Beratung &#8211; Wir helfen bei der Entwicklung und Umsetzung von Gesch\u00e4ftsstrategien, die auf die langfristigen Ziele des Unternehmens ausgerichtet sind.&#8220; use_icon=&#8220;on&#8220; font_icon=&#8220;&#x2b;||divi||400&#8243; _builder_version=&#8220;4.22.2&#8243; _module_preset=&#8220;daf7a86f-0bff-4052-8660-fccdb68c2085&#8243; custom_margin=&#8220;||20px||false|false&#8220; locked=&#8220;off&#8220; global_colors_info=&#8220;{}&#8220; icon_color__hover_enabled=&#8220;off|desktop&#8220;][\/et_pb_blurb][et_pb_blurb title=&#8220;Finanzberatung &#8211; planung, Budgetierung, Kapitalbeschaffung, Fusionen und \u00dcbernahmen, Investitionsentscheidungen und Risikomanagement.&#8220; use_icon=&#8220;on&#8220; font_icon=&#8220;&#x2b;||divi||400&#8243; _builder_version=&#8220;4.22.2&#8243; _module_preset=&#8220;daf7a86f-0bff-4052-8660-fccdb68c2085&#8243; custom_margin=&#8220;||20px||false|false&#8220; locked=&#8220;off&#8220; global_colors_info=&#8220;{}&#8220;][\/et_pb_blurb][et_pb_blurb title=&#8220;Marketing und Vertriebsberatung &#8211; Unterst\u00fctzung bei Marketingstrategien, Marktforschung, Produktentwicklung, Vertriebskanaloptimierung und Kundenbindung.&#8220; use_icon=&#8220;on&#8220; font_icon=&#8220;&#x2b;||divi||400&#8243; _builder_version=&#8220;4.25.1&#8243; _module_preset=&#8220;daf7a86f-0bff-4052-8660-fccdb68c2085&#8243; custom_margin=&#8220;||20px||false|false&#8220; locked=&#8220;off&#8220; global_colors_info=&#8220;{}&#8220;][\/et_pb_blurb][et_pb_blurb title=&#8220;Internationale Expansion &#8211; Beratung bei der Erschlie\u00dfung neuer M\u00e4rkte und der Bew\u00e4ltigung der damit verbundenen Herausforderungen.&#8220; use_icon=&#8220;on&#8220; font_icon=&#8220;&#x2b;||divi||400&#8243; _builder_version=&#8220;4.22.2&#8243; _module_preset=&#8220;daf7a86f-0bff-4052-8660-fccdb68c2085&#8243; custom_margin=&#8220;||20px||false|false&#8220; locked=&#8220;off&#8220; global_colors_info=&#8220;{}&#8220;][\/et_pb_blurb][et_pb_blurb title=&#8220;Technologieberatung &#8211; Beratung zur Auswahl, Implementierung und Optimierung von Informationstechnologie, Softwarel\u00f6sungen und digitalen Prozessen.&#8220; use_icon=&#8220;on&#8220; font_icon=&#8220;&#x2b;||divi||400&#8243; _builder_version=&#8220;4.22.2&#8243; _module_preset=&#8220;daf7a86f-0bff-4052-8660-fccdb68c2085&#8243; custom_margin=&#8220;||20px||false|false&#8220; locked=&#8220;off&#8220; global_colors_info=&#8220;{}&#8220;][\/et_pb_blurb][\/et_pb_column][\/et_pb_row][et_pb_row column_structure=&#8220;1_4,3_4&#8243; _builder_version=&#8220;4.20.0&#8243; _module_preset=&#8220;default&#8220; global_colors_info=&#8220;{}&#8220;][et_pb_column type=&#8220;1_4&#8243; _builder_version=&#8220;4.20.0&#8243; _module_preset=&#8220;default&#8220; global_colors_info=&#8220;{}&#8220;][et_pb_text _builder_version=&#8220;4.20.0&#8243; _module_preset=&#8220;7602e158-71b4-4542-88de-bff48dc68b28&#8243; global_colors_info=&#8220;{%22gcid-11d3dbbb-f6dc-4fb8-929b-9d6994368d00%22:%91%22header_4_text_color%22%93}&#8220;]<\/p>\n<h4>conclusio<\/h4>\n<p>[\/et_pb_text][\/et_pb_column][et_pb_column type=&#8220;3_4&#8243; _builder_version=&#8220;4.20.0&#8243; _module_preset=&#8220;default&#8220; global_colors_info=&#8220;{}&#8220;][et_pb_text _builder_version=&#8220;4.22.2&#8243; _module_preset=&#8220;13981d56-1e28-4501-bc8f-7ac66802fa92&#8243; text_text_color=&#8220;#FFFFFF&#8220; global_colors_info=&#8220;{}&#8220;]<\/p>\n<p>Sie k\u00f6nnen sich stets auf unsere einzigartige Transaktionssicherheit und -geschwindigkeit verlassen, die wir durch ein erfahrenes Team sowie schlanke digitale Prozesse gew\u00e4hrleisten k\u00f6nnen.<\/p>\n<p>[\/et_pb_text][\/et_pb_column][\/et_pb_row][\/et_pb_section][et_pb_section fb_built=&#8220;1&#8243; admin_label=&#8220;Footer&#8220; _builder_version=&#8220;4.20.0&#8243; _module_preset=&#8220;default&#8220; use_background_color_gradient=&#8220;on&#8220; background_color_gradient_stops=&#8220;#1e232b 0%|rgba(30,35,43,0.9) 100%&#8220; background_color_gradient_overlays_image=&#8220;on&#8220; background_image=&#8220;http:\/\/pro-invests.com\/\/wp-content\/uploads\/2023\/10\/paper-texture.jpg&#8220; min_height=&#8220;557.6px&#8220; saved_tabs=&#8220;all&#8220; collapsed=&#8220;on&#8220; global_colors_info=&#8220;{}&#8220;][et_pb_row column_structure=&#8220;1_3,1_3,1_3&#8243; _builder_version=&#8220;4.20.0&#8243; _module_preset=&#8220;default&#8220; custom_margin=&#8220;|auto|-67px|auto||&#8220; custom_padding=&#8220;27px||0px|||&#8220; global_colors_info=&#8220;{}&#8220;][et_pb_column type=&#8220;1_3&#8243; _builder_version=&#8220;4.20.0&#8243; _module_preset=&#8220;default&#8220; global_colors_info=&#8220;{}&#8220;][et_pb_text _builder_version=&#8220;4.22.2&#8243; _module_preset=&#8220;7602e158-71b4-4542-88de-bff48dc68b28&#8243; text_orientation=&#8220;center&#8220; global_colors_info=&#8220;{%22gcid-11d3dbbb-f6dc-4fb8-929b-9d6994368d00%22:%91%22header_4_text_color%22%93}&#8220;]<\/p>\n<h4>Office Zeiten<\/h4>\n<p>[\/et_pb_text][et_pb_text _builder_version=&#8220;4.22.2&#8243; _module_preset=&#8220;13981d56-1e28-4501-bc8f-7ac66802fa92&#8243; text_text_color=&#8220;#FFFFFF&#8220; text_orientation=&#8220;center&#8220; custom_margin=&#8220;||10px||false|false&#8220; global_colors_info=&#8220;{}&#8220;]<\/p>\n<p>Wochentags\u00a0 9:30 bis 18:30<\/p>\n<p>[\/et_pb_text][et_pb_text _builder_version=&#8220;4.22.2&#8243; _module_preset=&#8220;13981d56-1e28-4501-bc8f-7ac66802fa92&#8243; text_text_color=&#8220;#FFFFFF&#8220; text_orientation=&#8220;center&#8220; custom_margin=&#8220;||10px||false|false&#8220; global_colors_info=&#8220;{}&#8220;]<\/p>\n<p>\u00a0Samstags\u00a0\u00a0\u00a0\u00a0 9:30 bis 14:00<\/p>\n<p>[\/et_pb_text][et_pb_text _builder_version=&#8220;4.22.2&#8243; _module_preset=&#8220;13981d56-1e28-4501-bc8f-7ac66802fa92&#8243; text_text_color=&#8220;#FFFFFF&#8220; text_orientation=&#8220;center&#8220; custom_margin=&#8220;||10px||false|false&#8220; global_colors_info=&#8220;{}&#8220;]<\/p>\n<p>Sonntag geschlossen<\/p>\n<p>&nbsp;<\/p>\n<p>[\/et_pb_text][\/et_pb_column][et_pb_column type=&#8220;1_3&#8243; _builder_version=&#8220;4.20.0&#8243; _module_preset=&#8220;default&#8220; global_colors_info=&#8220;{}&#8220;][et_pb_text _builder_version=&#8220;4.22.2&#8243; _module_preset=&#8220;7602e158-71b4-4542-88de-bff48dc68b28&#8243; header_4_text_color=&#8220;#FFFFFF&#8220; text_orientation=&#8220;center&#8220; min_height=&#8220;183px&#8220; custom_margin=&#8220;||96px|||&#8220; custom_padding=&#8220;0px||0px|||&#8220; filter_brightness=&#8220;103%&#8220; filter_contrast=&#8220;102%&#8220; global_colors_info=&#8220;{}&#8220;]<\/p>\n<p><img loading=\"lazy\" decoding=\"async\" src=\"http:\/\/pro-invests.com\/\/wp-content\/uploads\/2023\/10\/default-1-300x300.png\" alt=\"\" class=\"wp-image-299 alignnone size-medium\" width=\"300\" height=\"300\" \/><\/p>\n<p>[\/et_pb_text][\/et_pb_column][et_pb_column type=&#8220;1_3&#8243; _builder_version=&#8220;4.20.0&#8243; _module_preset=&#8220;default&#8220; global_colors_info=&#8220;{}&#8220;][et_pb_text _builder_version=&#8220;4.25.0&#8243; _module_preset=&#8220;7602e158-71b4-4542-88de-bff48dc68b28&#8243; text_orientation=&#8220;center&#8220; locked=&#8220;off&#8220; global_colors_info=&#8220;{%22gcid-11d3dbbb-f6dc-4fb8-929b-9d6994368d00%22:%91%22header_4_text_color%22%93}&#8220;]<\/p>\n<h4>kontakt<\/h4>\n<p>[\/et_pb_text][et_pb_text _builder_version=&#8220;4.27.4&#8243; _module_preset=&#8220;13981d56-1e28-4501-bc8f-7ac66802fa92&#8243; text_text_color=&#8220;#FFFFFF&#8220; link_text_color=&#8220;#FFFFFF&#8220; text_orientation=&#8220;center&#8220; custom_margin=&#8220;||14px|||&#8220; custom_padding=&#8220;||0px|||&#8220; hover_enabled=&#8220;0&#8243; locked=&#8220;off&#8220; global_colors_info=&#8220;{}&#8220; sticky_enabled=&#8220;0&#8243;]<\/p>\n<p><a href=\"mailto:office@pro-invests.com\">office@pro-invests.com<\/a><\/p>\n<p>Neugasse 4, 6300 Zug<\/p>\n<p>Schweiz<\/p>\n<p>[\/et_pb_text][et_pb_text _builder_version=&#8220;4.27.0&#8243; _module_preset=&#8220;13981d56-1e28-4501-bc8f-7ac66802fa92&#8243; text_text_color=&#8220;#FFFFFF&#8220; link_text_color=&#8220;#FFFFFF&#8220; text_orientation=&#8220;center&#8220; min_height=&#8220;249.4px&#8220; custom_margin=&#8220;||10px||false|false&#8220; custom_padding=&#8220;0px|||||&#8220; locked=&#8220;off&#8220; global_colors_info=&#8220;{}&#8220;][\/et_pb_text][\/et_pb_column][\/et_pb_row][et_pb_row _builder_version=&#8220;4.20.0&#8243; _module_preset=&#8220;default&#8220; custom_padding=&#8220;0px||0px||true|&#8220; global_colors_info=&#8220;{}&#8220;][et_pb_column type=&#8220;4_4&#8243; _builder_version=&#8220;4.20.0&#8243; _module_preset=&#8220;default&#8220; global_colors_info=&#8220;{}&#8220;][et_pb_text _builder_version=&#8220;4.25.1&#8243; _dynamic_attributes=&#8220;content&#8220; _module_preset=&#8220;2a2e6540-3d6f-47c3-8f60-2aa238628d75&#8243; text_text_color=&#8220;#FFFFFF&#8220; text_orientation=&#8220;center&#8220; locked=&#8220;off&#8220; global_colors_info=&#8220;{}&#8220;]@ET-DC@eyJkeW5hbWljIjp0cnVlLCJjb250ZW50IjoiY3VycmVudF9kYXRlIiwic2V0dGluZ3MiOnsiYmVmb3JlIjoiQ29weXJpZ2h0ICZjb3B5OyAiLCJhZnRlciI6IiBQcm8gSW52ZXN0cy4gQWxsIFJpZ2h0cyBSZXNlcnZlZC4iLCJkYXRlX2Zvcm1hdCI6ImN1c3RvbSIsImN1c3RvbV9kYXRlX2Zvcm1hdCI6IlkifX0=@[\/et_pb_text][\/et_pb_column][\/et_pb_row][\/et_pb_section]<\/p>\n","protected":false},"excerpt":{"rendered":"<p>&nbsp; &nbsp;PERS\u00d6NLICHE BETREUNG Ein initiierendes Gespr\u00e4ch erweist sich als vorteilhaft, da es die M\u00f6glichkeit bietet, zu pr\u00fcfen, ob beide Parteien einander verstehen, eine gemeinsame Kommunikationsbasis finden und gen\u00fcgend Ber\u00fchrungspunkte identifizieren k\u00f6nnen, um die Basis f\u00fcr eine k\u00fcnftige Zusammenarbeit zu schaffen. W\u00e4hrend des Gespr\u00e4chs k\u00f6nnen wir Ans\u00e4tze zur L\u00f6sung Ihres Problems herausarbeiten. Wir empfehlen ein erstes [&hellip;]<\/p>\n","protected":false},"author":1,"featured_media":0,"parent":0,"menu_order":0,"comment_status":"closed","ping_status":"closed","template":"","meta":{"_et_pb_use_builder":"on","_et_pb_old_content":"","_et_gb_content_width":"","footnotes":""},"class_list":["post-92","page","type-page","status-publish","hentry"],"brizy_media":[],"_links":{"self":[{"href":"https:\/\/pro-invests.com\/en\/wp-json\/wp\/v2\/pages\/92","targetHints":{"allow":["GET"]}}],"collection":[{"href":"https:\/\/pro-invests.com\/en\/wp-json\/wp\/v2\/pages"}],"about":[{"href":"https:\/\/pro-invests.com\/en\/wp-json\/wp\/v2\/types\/page"}],"author":[{"embeddable":true,"href":"https:\/\/pro-invests.com\/en\/wp-json\/wp\/v2\/users\/1"}],"replies":[{"embeddable":true,"href":"https:\/\/pro-invests.com\/en\/wp-json\/wp\/v2\/comments?post=92"}],"version-history":[{"count":5,"href":"https:\/\/pro-invests.com\/en\/wp-json\/wp\/v2\/pages\/92\/revisions"}],"predecessor-version":[{"id":822,"href":"https:\/\/pro-invests.com\/en\/wp-json\/wp\/v2\/pages\/92\/revisions\/822"}],"wp:attachment":[{"href":"https:\/\/pro-invests.com\/en\/wp-json\/wp\/v2\/media?parent=92"}],"curies":[{"name":"wp","href":"https:\/\/api.w.org\/{rel}","templated":true}]}}